{"id":1032,"date":"2026-02-10T07:47:20","date_gmt":"2026-02-10T06:47:20","guid":{"rendered":"https:\/\/pmf-motoparts.com\/?post_type=product&#038;p=1032"},"modified":"2026-02-10T07:49:33","modified_gmt":"2026-02-10T06:49:33","slug":"sety-tyl-subcage-f4i-3","status":"publish","type":"product","link":"https:\/\/pmf-motoparts.com\/en\/produkt\/sety-tyl-subcage-f4i-3\/","title":{"rendered":"Sety ty\u0142 | Subcage F4 F4i pojedyncza kanapa"},"content":{"rendered":"<p>Sety ty\u0142 | Subcage pasuj\u0105cy do motocykli Honda f4 \/ F4i z pojedyncz\u0105 kanap\u0105<\/p>\n<p>W ca\u0142o\u015bci wykonany na maszynach CNC z wysokogatunkowego aluminium.<\/p>\n<p>Regulacja k\u0105ta po\u0142o\u017cenia podn\u00f3\u017ck\u00f3w.<\/p>\n<p>W zestawie z Pegami i kpl. \u015brub monta\u017cowych.<\/p>\n<p>&nbsp;<\/p>\n<p>&nbsp;<\/p>\n<p>&nbsp;<\/p>\n","protected":false},"excerpt":{"rendered":"<p>Sety ty\u0142 | Subcage pasuj\u0105cy do motocykli Honda f4 \/ F4i z pojedyncz\u0105 kanap\u0105 W ca\u0142o\u015bci wykonany na maszynach CNC&hellip;<\/p>\n","protected":false},"featured_media":629,"comment_status":"open","ping_status":"closed","template":"","meta":[],"product_cat":[59,33,38,39],"product_tag":[],"class_list":["post-1032","product","type-product","status-publish","has-post-thumbnail","hentry","product_cat-f4","product_cat-honda","product_cat-f4i","product_cat-2001-2006"],"_links":{"self":[{"href":"https:\/\/pmf-motoparts.com\/en\/wp-json\/wp\/v2\/product\/1032","targetHints":{"allow":["GET"]}}],"collection":[{"href":"https:\/\/pmf-motoparts.com\/en\/wp-json\/wp\/v2\/product"}],"about":[{"href":"https:\/\/pmf-motoparts.com\/en\/wp-json\/wp\/v2\/types\/product"}],"replies":[{"embeddable":true,"href":"https:\/\/pmf-motoparts.com\/en\/wp-json\/wp\/v2\/comments?post=1032"}],"wp:featuredmedia":[{"embeddable":true,"href":"https:\/\/pmf-motoparts.com\/en\/wp-json\/wp\/v2\/media\/629"}],"wp:attachment":[{"href":"https:\/\/pmf-motoparts.com\/en\/wp-json\/wp\/v2\/media?parent=1032"}],"wp:term":[{"taxonomy":"product_cat","embeddable":true,"href":"https:\/\/pmf-motoparts.com\/en\/wp-json\/wp\/v2\/product_cat?post=1032"},{"taxonomy":"product_tag","embeddable":true,"href":"https:\/\/pmf-motoparts.com\/en\/wp-json\/wp\/v2\/product_tag?post=1032"}],"curies":[{"name":"wp","href":"https:\/\/api.w.org\/{rel}","templated":true}]}}