{"id":1091,"date":"2026-04-14T14:04:13","date_gmt":"2026-04-14T12:04:13","guid":{"rendered":"https:\/\/pmf-motoparts.com\/?post_type=product&#038;p=1091"},"modified":"2026-04-14T14:26:19","modified_gmt":"2026-04-14T12:26:19","slug":"handbrake-hb-yamaha-r7-mt07-mt-stunt-2","status":"publish","type":"product","link":"https:\/\/pmf-motoparts.com\/en\/produkt\/handbrake-hb-yamaha-r7-mt07-mt-stunt-2\/","title":{"rendered":"Mocowanie Aluminiowe HB Stunt Yamaha R7 Mt 07 MT07"},"content":{"rendered":"<p>Aluminiowe mocowanie HandBrake do Yamahy R7\/ MT07<\/p>\n<p>Przeznaczone na\u00a0 oryginaln\u0105 tarcze hamulcow\u0105<\/p>\n<p>Mocowanie w pe\u0142ni wykonane metod\u0105 CNC z wysokogatunkowego Aluminium.<\/p>\n<p>Do mocowania pasuj\u0105 zaciski radialne, kt\u00f3re nie wchodz\u0105 w sk\u0142ad zestawu.<\/p>\n<p>&nbsp;<\/p>\n","protected":false},"excerpt":{"rendered":"<p>Aluminiowe mocowanie HandBrake do Yamahy R7\/ MT07 Przeznaczone na\u00a0 oryginaln\u0105 tarcze hamulcow\u0105 Mocowanie w pe\u0142ni wykonane metod\u0105 CNC z wysokogatunkowego&hellip;<\/p>\n","protected":false},"featured_media":1092,"comment_status":"open","ping_status":"closed","template":"","meta":[],"product_cat":[67,26],"product_tag":[69,72,77,44,68],"class_list":["post-1091","product","type-product","status-publish","has-post-thumbnail","hentry","product_cat-yamaha","product_cat-uncategorized","product_tag-fz","product_tag-mt07","product_tag-r7","product_tag-stunt","product_tag-yamaha"],"_links":{"self":[{"href":"https:\/\/pmf-motoparts.com\/en\/wp-json\/wp\/v2\/product\/1091","targetHints":{"allow":["GET"]}}],"collection":[{"href":"https:\/\/pmf-motoparts.com\/en\/wp-json\/wp\/v2\/product"}],"about":[{"href":"https:\/\/pmf-motoparts.com\/en\/wp-json\/wp\/v2\/types\/product"}],"replies":[{"embeddable":true,"href":"https:\/\/pmf-motoparts.com\/en\/wp-json\/wp\/v2\/comments?post=1091"}],"wp:featuredmedia":[{"embeddable":true,"href":"https:\/\/pmf-motoparts.com\/en\/wp-json\/wp\/v2\/media\/1092"}],"wp:attachment":[{"href":"https:\/\/pmf-motoparts.com\/en\/wp-json\/wp\/v2\/media?parent=1091"}],"wp:term":[{"taxonomy":"product_cat","embeddable":true,"href":"https:\/\/pmf-motoparts.com\/en\/wp-json\/wp\/v2\/product_cat?post=1091"},{"taxonomy":"product_tag","embeddable":true,"href":"https:\/\/pmf-motoparts.com\/en\/wp-json\/wp\/v2\/product_tag?post=1091"}],"curies":[{"name":"wp","href":"https:\/\/api.w.org\/{rel}","templated":true}]}}