{"id":782,"date":"2023-01-16T12:34:42","date_gmt":"2023-01-16T11:34:42","guid":{"rendered":"https:\/\/pmf-motoparts.com\/?post_type=product&#038;p=782"},"modified":"2024-03-09T21:53:27","modified_gmt":"2024-03-09T20:53:27","slug":"wieszak-uchwyt-na-kask-i-kurtke-motocyklowa","status":"publish","type":"product","link":"https:\/\/pmf-motoparts.com\/en\/produkt\/wieszak-uchwyt-na-kask-i-kurtke-motocyklowa\/","title":{"rendered":"Wieszak Uchwyt na Kask i Kurtk\u0119 motocyklow\u0105"},"content":{"rendered":"<p>Uchwyt \u015bcienny na Kask i Kurtk\u0119 motocyklow\u0105.<\/p>\n<p>Ca\u0142o\u015b\u0107 wykonana\u00a0 z wysokogatunkowej blachy gi\u0119tej na maszynach CNC.<\/p>\n<p>Wieszak malowany Proszkowo na kolor czarny.<\/p>\n<p>W zestawie Ko\u0142ki do monta\u017cu wieszaka .<\/p>\n<p>&nbsp;<\/p>\n","protected":false},"excerpt":{"rendered":"<p>Uchwyt \u015bcienny na Kask i Kurtk\u0119 motocyklow\u0105. Ca\u0142o\u015b\u0107 wykonana\u00a0 z wysokogatunkowej blachy gi\u0119tej na maszynach CNC. Wieszak malowany Proszkowo na&hellip;<\/p>\n","protected":false},"featured_media":785,"comment_status":"open","ping_status":"closed","template":"","meta":[],"product_cat":[16,33,32,31],"product_tag":[],"class_list":["post-782","product","type-product","status-publish","has-post-thumbnail","hentry","product_cat-bez-kategorii","product_cat-honda","product_cat-kawasaki","product_cat-uchwyty"],"_links":{"self":[{"href":"https:\/\/pmf-motoparts.com\/en\/wp-json\/wp\/v2\/product\/782","targetHints":{"allow":["GET"]}}],"collection":[{"href":"https:\/\/pmf-motoparts.com\/en\/wp-json\/wp\/v2\/product"}],"about":[{"href":"https:\/\/pmf-motoparts.com\/en\/wp-json\/wp\/v2\/types\/product"}],"replies":[{"embeddable":true,"href":"https:\/\/pmf-motoparts.com\/en\/wp-json\/wp\/v2\/comments?post=782"}],"wp:featuredmedia":[{"embeddable":true,"href":"https:\/\/pmf-motoparts.com\/en\/wp-json\/wp\/v2\/media\/785"}],"wp:attachment":[{"href":"https:\/\/pmf-motoparts.com\/en\/wp-json\/wp\/v2\/media?parent=782"}],"wp:term":[{"taxonomy":"product_cat","embeddable":true,"href":"https:\/\/pmf-motoparts.com\/en\/wp-json\/wp\/v2\/product_cat?post=782"},{"taxonomy":"product_tag","embeddable":true,"href":"https:\/\/pmf-motoparts.com\/en\/wp-json\/wp\/v2\/product_tag?post=782"}],"curies":[{"name":"wp","href":"https:\/\/api.w.org\/{rel}","templated":true}]}}