{"id":804,"date":"2023-01-16T13:41:51","date_gmt":"2023-01-16T12:41:51","guid":{"rendered":"https:\/\/pmf-motoparts.com\/?post_type=product&#038;p=804"},"modified":"2026-04-12T19:16:42","modified_gmt":"2026-04-12T17:16:42","slug":"crash-pady-honda-cbr-600-f4-f4i-f4i-sport","status":"publish","type":"product","link":"https:\/\/pmf-motoparts.com\/en\/produkt\/crash-pady-honda-cbr-600-f4-f4i-f4i-sport\/","title":{"rendered":"Crash Pady Honda CBR 600 F4 F4i F4i Sport"},"content":{"rendered":"<p>Crash pady motocyklowe przeznaczone do Hondy CBR 600F4-F4i-F4iSport.<\/p>\n<p>Wykonane z wysokogatunkowych materia\u0142\u00f3w.<\/p>\n<p>Idealnie chroni\u0105 owiewki przy &#8220;parking\u00f3wkach&#8221;.<\/p>\n<p>W sk\u0142ad zestawy wchodz\u0105 :<\/p>\n<ul>\n<li>2x Crash Pady<\/li>\n<li>\u015bruby monta\u017cowe<\/li>\n<\/ul>\n","protected":false},"excerpt":{"rendered":"<p>Crash pady motocyklowe przeznaczone do Hondy CBR 600F4-F4i-F4iSport. Wykonane z wysokogatunkowych materia\u0142\u00f3w. Idealnie chroni\u0105 owiewki przy &#8220;parking\u00f3wkach&#8221;. W sk\u0142ad zestawy&hellip;<\/p>\n","protected":false},"featured_media":805,"comment_status":"open","ping_status":"closed","template":"","meta":[],"product_cat":[59,33,38,39],"product_tag":[],"class_list":["post-804","product","type-product","status-publish","has-post-thumbnail","hentry","product_cat-f4","product_cat-honda","product_cat-f4i","product_cat-2001-2006"],"_links":{"self":[{"href":"https:\/\/pmf-motoparts.com\/en\/wp-json\/wp\/v2\/product\/804","targetHints":{"allow":["GET"]}}],"collection":[{"href":"https:\/\/pmf-motoparts.com\/en\/wp-json\/wp\/v2\/product"}],"about":[{"href":"https:\/\/pmf-motoparts.com\/en\/wp-json\/wp\/v2\/types\/product"}],"replies":[{"embeddable":true,"href":"https:\/\/pmf-motoparts.com\/en\/wp-json\/wp\/v2\/comments?post=804"}],"wp:featuredmedia":[{"embeddable":true,"href":"https:\/\/pmf-motoparts.com\/en\/wp-json\/wp\/v2\/media\/805"}],"wp:attachment":[{"href":"https:\/\/pmf-motoparts.com\/en\/wp-json\/wp\/v2\/media?parent=804"}],"wp:term":[{"taxonomy":"product_cat","embeddable":true,"href":"https:\/\/pmf-motoparts.com\/en\/wp-json\/wp\/v2\/product_cat?post=804"},{"taxonomy":"product_tag","embeddable":true,"href":"https:\/\/pmf-motoparts.com\/en\/wp-json\/wp\/v2\/product_tag?post=804"}],"curies":[{"name":"wp","href":"https:\/\/api.w.org\/{rel}","templated":true}]}}