{"id":813,"date":"2023-02-15T09:06:12","date_gmt":"2023-02-15T08:06:12","guid":{"rendered":"https:\/\/pmf-motoparts.com\/?post_type=product&#038;p=813"},"modified":"2025-05-14T12:13:29","modified_gmt":"2025-05-14T10:13:29","slug":"saggy-ass-kolyska-zawieszenie-mt-07-fz","status":"publish","type":"product","link":"https:\/\/pmf-motoparts.com\/en\/produkt\/saggy-ass-kolyska-zawieszenie-mt-07-fz\/","title":{"rendered":"Saggy Ass  Fz\/Mt07 ko\u0142yska zawieszenia \/ usztywnienie stunt drift"},"content":{"rendered":"<p>Saggy Ass to ko\u015b\u0107 zawieszenia usztywniaj\u0105ca i podnosz\u0105ca ty\u0142 motocykla o 4cm.<\/p>\n<p>Element pasuje P&#038;P w miejsce oryginalnej ko\u0142yski.<\/p>\n<p>Znacz\u0105ca poprawa komfortu jazdy &#8211; motocykl nie &#8220;p\u0142ywa&#8221;.<\/p>\n<p>Element w ca\u0142o\u015bci wykonany na maszynach CNC ze Stopu aluminium PA9 (AW-7075A).<\/p>\n<p>&nbsp;<\/p>\n<p>&nbsp;<\/p>\n<p>&nbsp;<\/p>\n","protected":false},"excerpt":{"rendered":"<p>Saggy Ass to ko\u015b\u0107 zawieszenia usztywniaj\u0105ca i podnosz\u0105ca ty\u0142 motocykla o 4cm. Element pasuje P&#038;P w miejsce oryginalnej ko\u0142yski. Znacz\u0105ca&hellip;<\/p>\n","protected":false},"featured_media":814,"comment_status":"open","ping_status":"closed","template":"","meta":[],"product_cat":[67],"product_tag":[71,69,72,70,73,44,68],"class_list":["post-813","product","type-product","status-publish","has-post-thumbnail","hentry","product_cat-yamaha","product_tag-71","product_tag-fz","product_tag-mt07","product_tag-mt","product_tag-parts","product_tag-stunt","product_tag-yamaha"],"_links":{"self":[{"href":"https:\/\/pmf-motoparts.com\/en\/wp-json\/wp\/v2\/product\/813","targetHints":{"allow":["GET"]}}],"collection":[{"href":"https:\/\/pmf-motoparts.com\/en\/wp-json\/wp\/v2\/product"}],"about":[{"href":"https:\/\/pmf-motoparts.com\/en\/wp-json\/wp\/v2\/types\/product"}],"replies":[{"embeddable":true,"href":"https:\/\/pmf-motoparts.com\/en\/wp-json\/wp\/v2\/comments?post=813"}],"wp:featuredmedia":[{"embeddable":true,"href":"https:\/\/pmf-motoparts.com\/en\/wp-json\/wp\/v2\/media\/814"}],"wp:attachment":[{"href":"https:\/\/pmf-motoparts.com\/en\/wp-json\/wp\/v2\/media?parent=813"}],"wp:term":[{"taxonomy":"product_cat","embeddable":true,"href":"https:\/\/pmf-motoparts.com\/en\/wp-json\/wp\/v2\/product_cat?post=813"},{"taxonomy":"product_tag","embeddable":true,"href":"https:\/\/pmf-motoparts.com\/en\/wp-json\/wp\/v2\/product_tag?post=813"}],"curies":[{"name":"wp","href":"https:\/\/api.w.org\/{rel}","templated":true}]}}