{"id":817,"date":"2023-02-15T09:32:35","date_gmt":"2023-02-15T08:32:35","guid":{"rendered":"https:\/\/pmf-motoparts.com\/?post_type=product&#038;p=817"},"modified":"2024-02-29T05:38:17","modified_gmt":"2024-02-29T04:38:17","slug":"stelaz-tyl-do-przycierek-mt07-stunt-step-plate","status":"publish","type":"product","link":"https:\/\/pmf-motoparts.com\/en\/produkt\/stelaz-tyl-do-przycierek-mt07-stunt-step-plate\/","title":{"rendered":"Stela\u017c ty\u0142 do przycierek MT07 Stunt Step Plate"},"content":{"rendered":"<p>Stela\u017c ty\u0142 przeznaczony do motocykli yamaha MT07.<\/p>\n<p>Wszystko pasuje w oryginalne otwory &#8211; nie trzeba nic wierci\u0107.<\/p>\n<p>( konieczno\u015b\u0107 demonta\u017cu oryginalnego \u015bwiat\u0142a stop )<\/p>\n<p>Stela\u017c wykonany z wysokiej jako\u015bci blachy stalowej malowanej proszkowo.<\/p>\n<p>W zestawie otrzymujecie :<\/p>\n<ul>\n<li>Stela\u017c wraz z kompletem \u015brub<\/li>\n<li>Aluminiow\u0105 Stopk\u0119<\/li>\n<li>\u015awiat\u0142o stopu &#8211; LED<\/li>\n<\/ul>\n<p>Stela\u017c przystosowany do monta\u017cu Tytanu okr\u0105g\u0142ego jak i Prostok\u0105tnego, kt\u00f3re mo\u017cna znale\u017a\u0107 na pozosta\u0142ych naszych aukcjach.<\/p>\n<p>&nbsp;<\/p>\n<p>&nbsp;<\/p>\n<p>&nbsp;<\/p>\n<p>&nbsp;<\/p>\n","protected":false},"excerpt":{"rendered":"<p>Stela\u017c ty\u0142 przeznaczony do motocykli yamaha MT07. Wszystko pasuje w oryginalne otwory &#8211; nie trzeba nic wierci\u0107. ( konieczno\u015b\u0107 demonta\u017cu&hellip;<\/p>\n","protected":false},"featured_media":818,"comment_status":"open","ping_status":"closed","template":"","meta":[],"product_cat":[67],"product_tag":[72,70,74,44,75,68],"class_list":["post-817","product","type-product","status-publish","has-post-thumbnail","hentry","product_cat-yamaha","product_tag-mt07","product_tag-mt","product_tag-stelaz","product_tag-stunt","product_tag-tytan","product_tag-yamaha"],"_links":{"self":[{"href":"https:\/\/pmf-motoparts.com\/en\/wp-json\/wp\/v2\/product\/817","targetHints":{"allow":["GET"]}}],"collection":[{"href":"https:\/\/pmf-motoparts.com\/en\/wp-json\/wp\/v2\/product"}],"about":[{"href":"https:\/\/pmf-motoparts.com\/en\/wp-json\/wp\/v2\/types\/product"}],"replies":[{"embeddable":true,"href":"https:\/\/pmf-motoparts.com\/en\/wp-json\/wp\/v2\/comments?post=817"}],"wp:featuredmedia":[{"embeddable":true,"href":"https:\/\/pmf-motoparts.com\/en\/wp-json\/wp\/v2\/media\/818"}],"wp:attachment":[{"href":"https:\/\/pmf-motoparts.com\/en\/wp-json\/wp\/v2\/media?parent=817"}],"wp:term":[{"taxonomy":"product_cat","embeddable":true,"href":"https:\/\/pmf-motoparts.com\/en\/wp-json\/wp\/v2\/product_cat?post=817"},{"taxonomy":"product_tag","embeddable":true,"href":"https:\/\/pmf-motoparts.com\/en\/wp-json\/wp\/v2\/product_tag?post=817"}],"curies":[{"name":"wp","href":"https:\/\/api.w.org\/{rel}","templated":true}]}}