{"id":959,"date":"2025-02-12T16:23:07","date_gmt":"2025-02-12T15:23:07","guid":{"rendered":"https:\/\/pmf-motoparts.com\/produkt\/ktm-supermoto-adapter-hamulca-320mm-stunt-zacisk\/"},"modified":"2025-02-12T16:24:53","modified_gmt":"2025-02-12T15:24:53","slug":"ktm-supermoto-adapter-hamulca-320mm-stunt-zacisk","status":"publish","type":"product","link":"https:\/\/pmf-motoparts.com\/en\/produkt\/ktm-supermoto-adapter-hamulca-320mm-stunt-zacisk\/","title":{"rendered":"KTM supermoto adapter zacisku prz\u00f3d 320mm stunt KTM Husqvarna GasGas"},"content":{"rendered":"<p>Adapter zacisku radialnego o rozstawie 100mm przeznaczony do wi\u0119kszo\u015bci Supermoto.<\/p>\n<p>Wykonany z wysokogatunkowego aluminium .<\/p>\n<p>Jedyny taki adapter odsuwaj\u0105cy si\u0119 od osi tarczy, dzi\u0119ki czemu nie trzeba szlifowa\u0107 zacisku.<\/p>\n<p>( po za wyj\u0105tkami )<\/p>\n<p>W zestawie aluminiowy adapter + dystans pod tarcze hamulcow\u0105 .<\/p>\n<p>Rozstaw zacisku : 100mm.<\/p>\n<p>Rozstaw mi\u0119dzy otworami monta\u017cowymi adapter :  95mm.<\/p>\n","protected":false},"excerpt":{"rendered":"<p>Adapter zacisku radialnego o rozstawie 100mm przeznaczony do wi\u0119kszo\u015bci Supermoto. Wykonany z wysokogatunkowego aluminium . Jedyny taki adapter odsuwaj\u0105cy si\u0119&hellip;<\/p>\n","protected":false},"featured_media":958,"comment_status":"open","ping_status":"closed","template":"","meta":[],"product_cat":[16],"product_tag":[],"class_list":["post-959","product","type-product","status-publish","has-post-thumbnail","hentry","product_cat-bez-kategorii"],"_links":{"self":[{"href":"https:\/\/pmf-motoparts.com\/en\/wp-json\/wp\/v2\/product\/959","targetHints":{"allow":["GET"]}}],"collection":[{"href":"https:\/\/pmf-motoparts.com\/en\/wp-json\/wp\/v2\/product"}],"about":[{"href":"https:\/\/pmf-motoparts.com\/en\/wp-json\/wp\/v2\/types\/product"}],"replies":[{"embeddable":true,"href":"https:\/\/pmf-motoparts.com\/en\/wp-json\/wp\/v2\/comments?post=959"}],"wp:featuredmedia":[{"embeddable":true,"href":"https:\/\/pmf-motoparts.com\/en\/wp-json\/wp\/v2\/media\/958"}],"wp:attachment":[{"href":"https:\/\/pmf-motoparts.com\/en\/wp-json\/wp\/v2\/media?parent=959"}],"wp:term":[{"taxonomy":"product_cat","embeddable":true,"href":"https:\/\/pmf-motoparts.com\/en\/wp-json\/wp\/v2\/product_cat?post=959"},{"taxonomy":"product_tag","embeddable":true,"href":"https:\/\/pmf-motoparts.com\/en\/wp-json\/wp\/v2\/product_tag?post=959"}],"curies":[{"name":"wp","href":"https:\/\/api.w.org\/{rel}","templated":true}]}}