{"id":971,"date":"2025-03-04T12:20:40","date_gmt":"2025-03-04T11:20:40","guid":{"rendered":"https:\/\/pmf-motoparts.com\/produkt\/tytan-sm-supermoto-ktm-przycierka\/"},"modified":"2026-04-15T09:22:09","modified_gmt":"2026-04-15T07:22:09","slug":"tytan-sm-supermoto-ktm-przycierka","status":"publish","type":"product","link":"https:\/\/pmf-motoparts.com\/en\/produkt\/tytan-sm-supermoto-ktm-przycierka\/","title":{"rendered":"Tytan SM supermoto KTM przycierka"},"content":{"rendered":"<p>Tytan do przycierek przeznaczony dla motocykli typu SuperMoto .<\/p>\n<p>W zestawie z kpl \u015brub potrzebnych do monta\u017cu .<\/p>\n<p>Przy sk\u0142adaniu zam\u00f3wienia prosimy poda\u0107 rozstaw \u015brub monta\u017cowych . ( je\u017celi nie b\u0119dzie podany wy\u015blemy losowo )<\/p>\n<p>Zdj\u0119cia pogl\u0105dowe produktu .<\/p>\n<p>Wymiary tytanu mog\u0105 si\u0119 r\u00f3\u017cni\u0107 w zale\u017cno\u015bci od partii produkcyjnej .<\/p>\n<p>Potrzebujesz niestandardowego rozmiaru tytanu ?<\/p>\n<p>Napisz do nas !<\/p>\n","protected":false},"excerpt":{"rendered":"<p>Tytan do przycierek przeznaczony dla motocykli typu SuperMoto . W zestawie z kpl \u015brub potrzebnych do monta\u017cu . Przy sk\u0142adaniu&hellip;<\/p>\n","protected":false},"featured_media":1093,"comment_status":"open","ping_status":"closed","template":"","meta":[],"product_cat":[16],"product_tag":[],"class_list":["post-971","product","type-product","status-publish","has-post-thumbnail","hentry","product_cat-bez-kategorii"],"_links":{"self":[{"href":"https:\/\/pmf-motoparts.com\/en\/wp-json\/wp\/v2\/product\/971","targetHints":{"allow":["GET"]}}],"collection":[{"href":"https:\/\/pmf-motoparts.com\/en\/wp-json\/wp\/v2\/product"}],"about":[{"href":"https:\/\/pmf-motoparts.com\/en\/wp-json\/wp\/v2\/types\/product"}],"replies":[{"embeddable":true,"href":"https:\/\/pmf-motoparts.com\/en\/wp-json\/wp\/v2\/comments?post=971"}],"wp:featuredmedia":[{"embeddable":true,"href":"https:\/\/pmf-motoparts.com\/en\/wp-json\/wp\/v2\/media\/1093"}],"wp:attachment":[{"href":"https:\/\/pmf-motoparts.com\/en\/wp-json\/wp\/v2\/media?parent=971"}],"wp:term":[{"taxonomy":"product_cat","embeddable":true,"href":"https:\/\/pmf-motoparts.com\/en\/wp-json\/wp\/v2\/product_cat?post=971"},{"taxonomy":"product_tag","embeddable":true,"href":"https:\/\/pmf-motoparts.com\/en\/wp-json\/wp\/v2\/product_tag?post=971"}],"curies":[{"name":"wp","href":"https:\/\/api.w.org\/{rel}","templated":true}]}}