{"id":982,"date":"2025-04-14T19:29:08","date_gmt":"2025-04-14T17:29:08","guid":{"rendered":"https:\/\/pmf-motoparts.com\/produkt\/dystans-dzwigni-sprzegla-stunt-odsuniecie\/"},"modified":"2025-04-14T19:29:09","modified_gmt":"2025-04-14T17:29:09","slug":"dystans-dzwigni-sprzegla-stunt-odsuniecie","status":"publish","type":"product","link":"https:\/\/pmf-motoparts.com\/en\/produkt\/dystans-dzwigni-sprzegla-stunt-odsuniecie\/","title":{"rendered":"Dystans d\u017awigni sprz\u0119g\u0142a Stunt odsuni\u0119cie"},"content":{"rendered":"<p>Dystans d\u017awigni sprz\u0119g\u0142a u\u0142atwia ustawienie klamki wzgl\u0119dem pompy HB.<\/p>\n<p>Dzi\u0119ki niemu mo\u017cemy si\u0119 odsun\u0105\u0107 o 10mm od kierownicy .<\/p>\n<p>W zestawie dystans + \u015bruby .<\/p>\n<p>Klamki sprz\u0119g\u0142a na \u0142o\u017cysku dost\u0119pne na innych aukcjach<\/p>\n","protected":false},"excerpt":{"rendered":"<p>Dystans d\u017awigni sprz\u0119g\u0142a u\u0142atwia ustawienie klamki wzgl\u0119dem pompy HB. Dzi\u0119ki niemu mo\u017cemy si\u0119 odsun\u0105\u0107 o 10mm od kierownicy . W&hellip;<\/p>\n","protected":false},"featured_media":981,"comment_status":"open","ping_status":"closed","template":"","meta":[],"product_cat":[16],"product_tag":[],"class_list":["post-982","product","type-product","status-publish","has-post-thumbnail","hentry","product_cat-bez-kategorii"],"_links":{"self":[{"href":"https:\/\/pmf-motoparts.com\/en\/wp-json\/wp\/v2\/product\/982","targetHints":{"allow":["GET"]}}],"collection":[{"href":"https:\/\/pmf-motoparts.com\/en\/wp-json\/wp\/v2\/product"}],"about":[{"href":"https:\/\/pmf-motoparts.com\/en\/wp-json\/wp\/v2\/types\/product"}],"replies":[{"embeddable":true,"href":"https:\/\/pmf-motoparts.com\/en\/wp-json\/wp\/v2\/comments?post=982"}],"wp:featuredmedia":[{"embeddable":true,"href":"https:\/\/pmf-motoparts.com\/en\/wp-json\/wp\/v2\/media\/981"}],"wp:attachment":[{"href":"https:\/\/pmf-motoparts.com\/en\/wp-json\/wp\/v2\/media?parent=982"}],"wp:term":[{"taxonomy":"product_cat","embeddable":true,"href":"https:\/\/pmf-motoparts.com\/en\/wp-json\/wp\/v2\/product_cat?post=982"},{"taxonomy":"product_tag","embeddable":true,"href":"https:\/\/pmf-motoparts.com\/en\/wp-json\/wp\/v2\/product_tag?post=982"}],"curies":[{"name":"wp","href":"https:\/\/api.w.org\/{rel}","templated":true}]}}