{"id":994,"date":"2025-05-29T21:42:20","date_gmt":"2025-05-29T19:42:20","guid":{"rendered":"https:\/\/pmf-motoparts.com\/?post_type=product&#038;p=994"},"modified":"2025-05-29T21:43:03","modified_gmt":"2025-05-29T19:43:03","slug":"wzmocnienie-chlodnicy-ramka-kawasaki-636-03-04-stunt-2-2","status":"publish","type":"product","link":"https:\/\/pmf-motoparts.com\/en\/produkt\/wzmocnienie-chlodnicy-ramka-kawasaki-636-03-04-stunt-2-2\/","title":{"rendered":"Wzmocnienie ch\u0142odnicy | ramka Kawasaki 636 zx6 2009-2022"},"content":{"rendered":"<p>Wzmocnienie ch\u0142odnicy przeznaczone do motocykli Kawasaki 636 zx6 z rocznik\u00f3w 2009-2022<\/p>\n<p>Ramka w pe\u0142ni wykonana na maszynach CNC.<\/p>\n<p>wysy\u0142amy wersj\u0119 bez pow\u0142oki &#8211; z blachy ocynkowanej.<\/p>\n<p>Wszystko pasuje w oryginalne otwory.<\/p>\n<p>Przystosowana do monta\u017cu dodatkowych wentylator\u00f3w z Yamahy R6\/R1.<\/p>\n<p>&nbsp;<\/p>\n","protected":false},"excerpt":{"rendered":"<p>Wzmocnienie ch\u0142odnicy przeznaczone do motocykli Kawasaki 636 zx6 z rocznik\u00f3w 2009-2022 Ramka w pe\u0142ni wykonana na maszynach CNC. wysy\u0142amy wersj\u0119&hellip;<\/p>\n","protected":false},"featured_media":989,"comment_status":"open","ping_status":"closed","template":"","meta":[],"product_cat":[33,32,35,36,37],"product_tag":[45,49,43,44,48,76],"class_list":["post-994","product","type-product","status-publish","has-post-thumbnail","hentry","product_cat-honda","product_cat-kawasaki","product_cat-2003-2004","product_cat-zx6","product_cat-2009-2025","product_tag-45","product_tag-chlodnica","product_tag-kawasaki","product_tag-stunt","product_tag-wzmocnienie","product_tag-zx6"],"_links":{"self":[{"href":"https:\/\/pmf-motoparts.com\/en\/wp-json\/wp\/v2\/product\/994","targetHints":{"allow":["GET"]}}],"collection":[{"href":"https:\/\/pmf-motoparts.com\/en\/wp-json\/wp\/v2\/product"}],"about":[{"href":"https:\/\/pmf-motoparts.com\/en\/wp-json\/wp\/v2\/types\/product"}],"replies":[{"embeddable":true,"href":"https:\/\/pmf-motoparts.com\/en\/wp-json\/wp\/v2\/comments?post=994"}],"wp:featuredmedia":[{"embeddable":true,"href":"https:\/\/pmf-motoparts.com\/en\/wp-json\/wp\/v2\/media\/989"}],"wp:attachment":[{"href":"https:\/\/pmf-motoparts.com\/en\/wp-json\/wp\/v2\/media?parent=994"}],"wp:term":[{"taxonomy":"product_cat","embeddable":true,"href":"https:\/\/pmf-motoparts.com\/en\/wp-json\/wp\/v2\/product_cat?post=994"},{"taxonomy":"product_tag","embeddable":true,"href":"https:\/\/pmf-motoparts.com\/en\/wp-json\/wp\/v2\/product_tag?post=994"}],"curies":[{"name":"wp","href":"https:\/\/api.w.org\/{rel}","templated":true}]}}